{"id":248,"date":"2022-03-10T12:51:15","date_gmt":"2022-03-10T12:51:15","guid":{"rendered":"https:\/\/luftsportverein-gera.de\/?page_id=248"},"modified":"2025-04-03T10:41:37","modified_gmt":"2025-04-03T10:41:37","slug":"technik","status":"publish","type":"page","link":"https:\/\/luftsportverein-gera.de\/?page_id=248","title":{"rendered":"Home neu"},"content":{"rendered":"\n<p><\/p>\n\n\n<h2>Luftsportverein Gera e.V.<\/h2>\n<p>\t\t\t\t\tMen\u00fc<\/p>\n<nav data-toggle-icon=\"&lt;i aria-hidden=&quot;true&quot; tabindex=&quot;0&quot; class=&quot;fas fa-align-justify&quot;&gt;&lt;\/i&gt;\" data-close-icon=\"&lt;i aria-hidden=&quot;true&quot; tabindex=&quot;0&quot; class=&quot;far fa-window-close&quot;&gt;&lt;\/i&gt;\" data-full-width=\"\">\n<ul id=\"menu-1-7fe48485\">\n<li id=\"menu-item-267\"><a href=\"https:\/\/luftsportverein-gera.de\/\" class = \"hfe-menu-item\">Home alt<\/a><\/li>\n<li id=\"menu-item-265\"><a href=\"https:\/\/luftsportverein-gera.de\/?page_id=248\" class = \"hfe-menu-item\">Home<\/a><\/li>\n<li id=\"menu-item-2588\"><a href=\"https:\/\/luftsportverein-gera.de\/?page_id=2404\" class = \"hfe-menu-item\">Ausbildung<\/a><\/li>\n<li id=\"menu-item-2939\"><a href=\"https:\/\/luftsportverein-gera.de\/?page_id=314\" class = \"hfe-menu-item\">Dokumente<\/a><\/li>\n<li id=\"menu-item-2940\"><a href=\"https:\/\/luftsportverein-gera.de\/?page_id=1295\" class = \"hfe-menu-item\">Log in<\/a><\/li>\n<\/ul>\n<\/nav>\n<div class=\"swpm-login-widget-form\">\n    <form id=\"swpm-login-form\" name=\"swpm-login-form\" method=\"post\" action=\"\">\n        <input type=\"hidden\" name=\"swpm_login_origination_flag\" value=\"1\" \/>\n        <div class=\"swpm-login-form-inner\">\n            <div class=\"swpm-username-label\">\n                <label for=\"swpm_user_name\" class=\"swpm-label\">Benutzername oder E-Mail-Adresse<\/label>\n            <\/div>\n            <div class=\"swpm-username-input\">\n                <input type=\"text\" class=\"swpm-text-field swpm-username-field\" id=\"swpm_user_name\" value=\"\" size=\"25\" name=\"swpm_user_name\" \/>\n            <\/div>\n            <div class=\"swpm-password-label\">\n                <label for=\"swpm_password\" class=\"swpm-label\">Passwort<\/label>\n            <\/div>\n            <div class=\"swpm-password-input\">                \n                <input type=\"password\" class=\"swpm-text-field swpm-password-field\" id=\"swpm_password\" value=\"\" size=\"25\" name=\"swpm_password\" \/>                \n            <\/div>\n                        <div class=\"swpm-remember-me\">\n                <span class=\"swpm-remember-checkbox\"><input type=\"checkbox\" name=\"rememberme\" id=\"swpm-rememberme\"><\/span>\n                <label for=\"swpm-rememberme\" class=\"swpm-rememberme-label\">\n                    <span class=\"swpm-rember-label\"> Angemeldet bleiben<\/span>\n                <\/label>\n            <\/div>\n\n            <div class=\"swpm-before-login-submit-section\"><\/div>\n\n            <div class=\"swpm-login-submit\">\n                <input type=\"submit\" class=\"swpm-login-form-submit\" name=\"swpm-login\" value=\"Anmelden\"\/>\n            <\/div>\n            <div class=\"swpm-forgot-pass-link\">\n                <a id=\"forgot_pass\" class=\"swpm-login-form-pw-reset-link\"  href=\"https:\/\/luftsportverein-gera.de\/?page_id=1772\">Haben Sie Ihr Passwort vergessen?<\/a>\n            <\/div>\n                        <div class=\"swpm-join-us-link\">\n                <a id=\"register\" class=\"swpm-login-form-register-link\" href=\"https:\/\/luftsportverein-gera.de\/?page_id=1369\">Werden Sie Mitglied bei uns<\/a>\n            <\/div>\n                        <div class=\"swpm-login-action-msg\">\n                <span class=\"swpm-login-widget-action-msg\"><\/span>\n            <\/div>\n        <\/div>\n    <\/form>\n\n    <\/div>\n\n<h2>Unser Verein<\/h2>\n<p>Willkommen beim Luftsportverein Gera.<br \/>\u00a0Wir haben es uns zur Aufgabe gemacht, den Luftsport und die Jugend in der Fliegerei zu f\u00f6rdern.<br \/>In Deutschland darf die Segelflugausbildung mit 14 Jahren begonnen werden, zu alt ist man fast nie.<br \/>Mit 15 Jahren darf man, sobald 2 Fluglehrer Ihr OK geben, alleine fliegen und schon mit 16 Jahren kann man die Segelfluglizenz erwerben.\u00a0<\/p>\n<h2>Mitglieder Vollversammlung<\/h2>\n<p>Am Samstag den 05.04.2025 um 10 Uhr findet unsere <a href=\"https:\/\/luftsportverein-gera.de\/wp-content\/uploads\/2025\/03\/Einladung-MV-2025.pdf\" target=\"_blank\">Mitgliedervollversammlung<\/a> in unserem Vereinsheim statt. Euer Vorstand bittet um zahlreiche Teilnahme.<\/p>\n<h2><a href=\"https:\/\/luftsportverein-gera.de\/?page_id=2154\">Fotos<\/a><\/h2>\n<p><a href=\"https:\/\/luftsportverein-gera.de\/?page_id=2154\">Hier findet ihr zahllose Fotos und sie sch\u00f6nsten Eindr\u00fccke vom Fliegen und was sonst noch alles dazu geh\u00f6rt.<\/a><\/p>\n<p>\t\t\t\t\t\t\t\t\t\t\t\t\t\t\t<img loading=\"lazy\" decoding=\"async\" width=\"125\" height=\"125\" src=\"https:\/\/luftsportverein-gera.de\/wp-content\/uploads\/2022\/03\/logo.png\" alt=\"\" \/>\t\t\t\t\t\t\t\t\t\t\t\t\t\t\t<\/p>\n<h4>Kontakt<\/h4>\n<ul>\n<li>\n\t\t\t\t\t\t\t\t\t\t\t<a href=\"mailto:vorstand@luftsportverein-gera.de\"><br \/>\n\t\t\t\t\t\t\t\t\t\tMail an Vorstand<br \/>\n\t\t\t\t\t\t\t\t\t\t\t<\/a>\n\t\t\t\t\t\t\t\t\t<\/li>\n<li>\n\t\t\t\t\t\t\t\t\t\t\t<a href=\"mailto:webmaster@luftsportverein-gera.de\"><br \/>\n\t\t\t\t\t\t\t\t\t\tMail an Webmaster<br \/>\n\t\t\t\t\t\t\t\t\t\t\t<\/a>\n\t\t\t\t\t\t\t\t\t<\/li>\n<\/ul>\n<h4>Adresse<\/h4>\n<ul>\n<li>\n\t\t\t\t\t\t\t\t\t\tLuftsportverein Gera e.V.\n\t\t\t\t\t\t\t\t\t<\/li>\n<li>\n\t\t\t\t\t\t\t\t\t\tFlugplatz Gera\n\t\t\t\t\t\t\t\t\t<\/li>\n<li>\n\t\t\t\t\t\t\t\t\t\tRonneburger Str. 74\n\t\t\t\t\t\t\t\t\t<\/li>\n<li>\n\t\t\t\t\t\t\t\t\t\t07546 Gera\n\t\t\t\t\t\t\t\t\t<\/li>\n<\/ul>\n<h4>Rechtliches<\/h4>\n<ul>\n<li>\n\t\t\t\t\t\t\t\t\t\t\t<a href=\"https:\/\/luftsportverein-gera.de\/?page_id=242\"><br \/>\n\t\t\t\t\t\t\t\t\t\tImpressum<br \/>\n\t\t\t\t\t\t\t\t\t\t\t<\/a>\n\t\t\t\t\t\t\t\t\t<\/li>\n<li>\n\t\t\t\t\t\t\t\t\t\t\t<a href=\"https:\/\/luftsportverein-gera.de\/?page_id=242\"><br \/>\n\t\t\t\t\t\t\t\t\t\tDatenschutzerkl\u00e4rung<br \/>\n\t\t\t\t\t\t\t\t\t\t\t<\/a>\n\t\t\t\t\t\t\t\t\t<\/li>\n<\/ul>","protected":false},"excerpt":{"rendered":"<p>Luftsportverein Gera e.V. Men\u00fc Home alt Home Ausbildung Dokumente Log in Unser Verein Willkommen beim Luftsportverein Gera.\u00a0Wir haben es uns zur Aufgabe gemacht, den Luftsport und die Jugend in der Fliegerei zu f\u00f6rdern.In Deutschland darf die Segelflugausbildung mit 14 Jahren begonnen werden, zu alt ist man fast nie.Mit 15 Jahren darf man, sobald 2 Fluglehrer&#8230;<\/p>\n","protected":false},"author":1,"featured_media":0,"parent":0,"menu_order":0,"comment_status":"closed","ping_status":"closed","template":"","meta":{"_kadence_starter_templates_imported_post":false,"_kad_post_transparent":"disable","_kad_post_title":"hide","_kad_post_layout":"fullwidth","_kad_post_sidebar_id":"","_kad_post_content_style":"boxed","_kad_post_vertical_padding":"","_kad_post_feature":"","_kad_post_feature_position":"","_kad_post_header":true,"_kad_post_footer":true,"_kad_post_classname":"","footnotes":""},"class_list":["post-248","page","type-page","status-publish","hentry"],"_links":{"self":[{"href":"https:\/\/luftsportverein-gera.de\/index.php?rest_route=\/wp\/v2\/pages\/248","targetHints":{"allow":["GET"]}}],"collection":[{"href":"https:\/\/luftsportverein-gera.de\/index.php?rest_route=\/wp\/v2\/pages"}],"about":[{"href":"https:\/\/luftsportverein-gera.de\/index.php?rest_route=\/wp\/v2\/types\/page"}],"author":[{"embeddable":true,"href":"https:\/\/luftsportverein-gera.de\/index.php?rest_route=\/wp\/v2\/users\/1"}],"replies":[{"embeddable":true,"href":"https:\/\/luftsportverein-gera.de\/index.php?rest_route=%2Fwp%2Fv2%2Fcomments&post=248"}],"version-history":[{"count":30,"href":"https:\/\/luftsportverein-gera.de\/index.php?rest_route=\/wp\/v2\/pages\/248\/revisions"}],"predecessor-version":[{"id":2971,"href":"https:\/\/luftsportverein-gera.de\/index.php?rest_route=\/wp\/v2\/pages\/248\/revisions\/2971"}],"wp:attachment":[{"href":"https:\/\/luftsportverein-gera.de\/index.php?rest_route=%2Fwp%2Fv2%2Fmedia&parent=248"}],"curies":[{"name":"wp","href":"https:\/\/api.w.org\/{rel}","templated":true}]}}