{"id":2404,"date":"2022-03-22T19:28:38","date_gmt":"2022-03-22T19:28:38","guid":{"rendered":"https:\/\/luftsportverein-gera.de\/?page_id=2404"},"modified":"2022-03-23T19:19:30","modified_gmt":"2022-03-23T19:19:30","slug":"ausbildung-2","status":"publish","type":"page","link":"https:\/\/luftsportverein-gera.de\/?page_id=2404","title":{"rendered":"Ausbildung"},"content":{"rendered":"<style>\/*! elementor - v3.6.0 - 21-03-2022 *\/\n.elementor-heading-title{padding:0;margin:0;line-height:1}.elementor-widget-heading .elementor-heading-title[class*=elementor-size-]>a{color:inherit;font-size:inherit;line-height:inherit}.elementor-widget-heading .elementor-heading-title.elementor-size-small{font-size:15px}.elementor-widget-heading .elementor-heading-title.elementor-size-medium{font-size:19px}.elementor-widget-heading .elementor-heading-title.elementor-size-large{font-size:29px}.elementor-widget-heading .elementor-heading-title.elementor-size-xl{font-size:39px}.elementor-widget-heading .elementor-heading-title.elementor-size-xxl{font-size:59px}<\/style>\n<h2>Luftsportverein Gera e.V.<\/h2>\n<nav data-toggle-icon=\"&lt;i aria-hidden=&quot;true&quot; tabindex=&quot;0&quot; class=&quot;fas fa-align-justify&quot;&gt;&lt;\/i&gt;\" data-close-icon=\"&lt;i aria-hidden=&quot;true&quot; tabindex=&quot;0&quot; class=&quot;far fa-window-close&quot;&gt;&lt;\/i&gt;\" data-full-width=\"\">\n<ul id=\"menu-1-6f8cd9f2\">\n<li id=\"menu-item-267\"><a href=\"https:\/\/luftsportverein-gera.de\/\" class = \"hfe-menu-item\">Home<\/a><\/li>\n<li id=\"menu-item-265\"><a href=\"https:\/\/luftsportverein-gera.de\/?page_id=248\" class = \"hfe-menu-item\">Technik<\/a><\/li>\n<li id=\"menu-item-2588\"><a href=\"https:\/\/luftsportverein-gera.de\/?page_id=2404\" class = \"hfe-menu-item\">Ausbildung<\/a><\/li>\n<\/ul>\n<\/nav>\n<div class=\"swpm-login-widget-form\">\n    <form id=\"swpm-login-form\" name=\"swpm-login-form\" method=\"post\" action=\"\">\n        <input type=\"hidden\" name=\"swpm_login_origination_flag\" value=\"1\" \/>\n        <div class=\"swpm-login-form-inner\">\n            <div class=\"swpm-username-label\">\n                <label for=\"swpm_user_name\" class=\"swpm-label\">Benutzername oder E-Mail-Adresse<\/label>\n            <\/div>\n            <div class=\"swpm-username-input\">\n                <input type=\"text\" class=\"swpm-text-field swpm-username-field\" id=\"swpm_user_name\" value=\"\" size=\"25\" name=\"swpm_user_name\" \/>\n            <\/div>\n            <div class=\"swpm-password-label\">\n                <label for=\"swpm_password\" class=\"swpm-label\">Passwort<\/label>\n            <\/div>\n            <div class=\"swpm-password-input\">                \n                <input type=\"password\" class=\"swpm-text-field swpm-password-field\" id=\"swpm_password\" value=\"\" size=\"25\" name=\"swpm_password\" \/>                \n            <\/div>\n                        <div class=\"swpm-remember-me\">\n                <span class=\"swpm-remember-checkbox\"><input type=\"checkbox\" name=\"rememberme\" id=\"swpm-rememberme\"><\/span>\n                <label for=\"swpm-rememberme\" class=\"swpm-rememberme-label\">\n                    <span class=\"swpm-rember-label\"> Angemeldet bleiben<\/span>\n                <\/label>\n            <\/div>\n\n            <div class=\"swpm-before-login-submit-section\"><\/div>\n\n            <div class=\"swpm-login-submit\">\n                <input type=\"submit\" class=\"swpm-login-form-submit\" name=\"swpm-login\" value=\"Anmelden\"\/>\n            <\/div>\n            <div class=\"swpm-forgot-pass-link\">\n                <a id=\"forgot_pass\" class=\"swpm-login-form-pw-reset-link\"  href=\"https:\/\/luftsportverein-gera.de\/?page_id=1772\">Haben Sie Ihr Passwort vergessen?<\/a>\n            <\/div>\n                        <div class=\"swpm-join-us-link\">\n                <a id=\"register\" class=\"swpm-login-form-register-link\" href=\"https:\/\/luftsportverein-gera.de\/?page_id=1369\">Werden Sie Mitglied bei uns<\/a>\n            <\/div>\n                        <div class=\"swpm-login-action-msg\">\n                <span class=\"swpm-login-widget-action-msg\"><\/span>\n            <\/div>\n        <\/div>\n    <\/form>\n\n    <\/div>\n\n<h2>Ausbildung<\/h2>\n<p>Am Anfang steht die Ausbildung. Jeder der in Deutschland ein Segelflugzeug eigenverantwortlich bewegen m\u00f6chte ben\u00f6tigt eine Lizenz. Das ist entweder die SPL (Segelflug-Privatpiloten-Lizenz) oder LAPL(S) (Light Aircraft Pilot License).<br \/>SPL ist eine international g\u00fcltige Lizenz<br \/>LAPL ist eine Europaweit g\u00fcltige Lizenz<\/p>\n<p>Die Ausbildung ist im Grunde sehr \u00e4hnlich und unterscheidet sich teils nur durch Erhaltungsbedingungen und medizinische Tauglichkeiten.<\/p>\n<p>Am Anfang jeder Ausbildung steht die Theorie. Unsere Sch\u00fcler werden unter anderem in folgenden F\u00e4chern unterrichtet.<br \/>&#8211; Luftrecht<br \/>&#8211; Meterologie<br \/>&#8211; Navigation<br \/>&#8211; Technik<br \/>&#8211; Menschliches Leistungsverm\u00f6gen<br \/>&#8211; Grundlage des Fliegens<\/p>\n<p>Des weiten folgt eine Ausbildung zur Erlangung des Funksprechzeugnisses (BZF).<\/p>\n<p>Die praktische Ausbildung wird in unserem Schulungsflugzeug ASK 13 absolviert.<br \/>Dabei lernt mal zu aller erst das Flugzeug geradeaus zu fliegen, die Geschwindigkeit und den Horizontabstand zu halten.<br \/>Dann folgen erste Kurven und Kreisfl\u00fcge, welche dann in die ersten Platzrunden \u00fcbergehen.<br \/>Ehe man sich versieht trainiert man bei jedem Flug Start und Landung gleich mit.<br \/>Wenn sich 2 Fluglehrer den Flugsch\u00fcler f\u00fcr f\u00e4hig halten, darf er seinen ersten Alleinflug absolvieren.<\/p>\n<p>Der erste Solo ist f\u00fcr jeden Piloten etwas besonderes und ich denke es gibt keinen, der sich an diesen nicht erinnert.<\/p>\n<p>Die Ausbildung geht danach im Allein und Doppelsitzigen Flug weiter. Man lernt das Thermikfliegen, hochgezogene Fahrkurven, Ziellandungen und Slippen.<\/p>\n<p>In diesem Ausbildungsabschnitt wird man auch auf ein weiteres Flugzeugmuster umgeschult. Bei uns ist das die einsitzige ASW 19.<br \/>Im letzten Ausbildungsabschnitt wird man Eingewiesen in das Streckenfliegen und vertieft alle seine bisher erlernten F\u00e4higkeiten und flieg schlie\u00dflich seine ersten 50 Km allein.<\/p>\n<p>Ist das geschafft, wird man zur Pr\u00fcfung angemeldet und darf sein k\u00f6nnen einem Pr\u00fcfer vorf\u00fchren um anschlie\u00dfende hoffentlich seine Lizenz zu erhalten.<\/p>\n<p>So oder so in etwa sieht eine Segelflugausbildung im Verein aus. <br \/>Da kommt auch noch viel dazu, was hier gar keine Erw\u00e4hnung findet. Beispielsweise m\u00fcssen wir vielen Minderj\u00e4hrigen Flugsch\u00fclern das Auto fahren bei bringen, oder zeigen wie unsere Flugzeuge gewartet und gepflegt werden.<br \/>Wenn wir dein Interesse geweckt haben melde dich einfach bei uns.<\/p>\n<h2>Unsere Fluglehrer<\/h2>\n<p><b><img loading=\"lazy\" decoding=\"async\" src=\"https:\/\/luftsportverein-gera.de\/wp-content\/uploads\/2022\/03\/florian.jpg\" alt=\"\" width=\"250\" height=\"167\" \/>Dr. Florian Liebetrau<\/b><\/p>\n<p><a href=\"tel:+4917682100304\">Tel:. 0176 82100304<\/a><br \/><a href=\"vorstand@luftsportverein-gera.de\">eMail schreiben<\/a><\/p>\n<p><b><img loading=\"lazy\" decoding=\"async\" src=\"https:\/\/luftsportverein-gera.de\/wp-content\/uploads\/2022\/03\/maria.jpg\" alt=\"\" width=\"250\" height=\"167\" \/>Maria Nitzsche<\/b><\/p>\n<p><a href=\"tel:+491781359377\">Tel:. 01781359377<\/a><br \/><a href=\"vorstand@luftsportverein-gera.de\">eMail schreiben<\/a><\/p>\n<style>\/*! elementor - v3.6.0 - 21-03-2022 *\/\n.e-container.e-container--row .elementor-spacer-inner{width:var(--spacer-size)}.e-container.e-container--column .elementor-spacer-inner,.elementor-column .elementor-spacer-inner{height:var(--spacer-size)}<\/style>\n<style>\/*! elementor - v3.6.0 - 21-03-2022 *\/\n.elementor-widget-image{text-align:center}.elementor-widget-image a{display:inline-block}.elementor-widget-image a img[src$=\".svg\"]{width:48px}.elementor-widget-image img{vertical-align:middle;display:inline-block}<\/style>\n<p>\t\t\t\t\t\t\t\t\t\t\t\t<img decoding=\"async\" width=\"125\" height=\"125\" src=\"https:\/\/luftsportverein-gera.de\/wp-content\/uploads\/2022\/03\/logo.png\" alt=\"\" loading=\"lazy\" \/>\t\t\t\t\t\t\t\t\t\t\t\t\t\t\t<\/p>\n<h4>Kontakt<\/h4>\n<style>.elementor-widget.elementor-icon-list--layout-inline .elementor-widget-container{overflow:hidden}.elementor-widget .elementor-icon-list-items.elementor-inline-items{margin-right:-8px;margin-left:-8px}.elementor-widget .elementor-icon-list-items.elementor-inline-items .elementor-icon-list-item{margin-right:8px;margin-left:8px}.elementor-widget .elementor-icon-list-items.elementor-inline-items .elementor-icon-list-item:after{width:auto;left:auto;right:auto;position:relative;height:100%;border-top:0;border-bottom:0;border-right:0;border-left-width:1px;border-style:solid;right:-8px}.elementor-widget .elementor-icon-list-items{list-style-type:none;margin:0;padding:0}.elementor-widget .elementor-icon-list-item{margin:0;padding:0;position:relative}.elementor-widget .elementor-icon-list-item:after{position:absolute;bottom:0;width:100%}.elementor-widget .elementor-icon-list-item,.elementor-widget .elementor-icon-list-item a{display:-webkit-box;display:-ms-flexbox;display:flex;-webkit-box-align:center;-ms-flex-align:center;align-items:center;font-size:inherit}.elementor-widget .elementor-icon-list-icon+.elementor-icon-list-text{-ms-flex-item-align:center;align-self:center;padding-left:5px}.elementor-widget .elementor-icon-list-icon{display:-webkit-box;display:-ms-flexbox;display:flex}.elementor-widget .elementor-icon-list-icon svg{width:var(--e-icon-list-icon-size,1em);height:var(--e-icon-list-icon-size,1em)}.elementor-widget .elementor-icon-list-icon i{width:1.25em;font-size:var(--e-icon-list-icon-size)}.elementor-widget.elementor-widget-icon-list .elementor-icon-list-icon{text-align:var(--e-icon-list-icon-align)}.elementor-widget.elementor-widget-icon-list .elementor-icon-list-icon svg{margin:var(--e-icon-list-icon-margin,0 calc(var(--e-icon-list-icon-size, 1em) * .25) 0 0)}.elementor-widget.elementor-list-item-link-full_width a{width:100%}.elementor-widget.elementor-align-center .elementor-icon-list-item,.elementor-widget.elementor-align-center .elementor-icon-list-item a{-webkit-box-pack:center;-ms-flex-pack:center;justify-content:center}.elementor-widget.elementor-align-center .elementor-icon-list-item:after{margin:auto}.elementor-widget.elementor-align-center .elementor-inline-items{-webkit-box-pack:center;-ms-flex-pack:center;justify-content:center}.elementor-widget.elementor-align-left .elementor-icon-list-item,.elementor-widget.elementor-align-left .elementor-icon-list-item a{-webkit-box-pack:start;-ms-flex-pack:start;justify-content:flex-start;text-align:left}.elementor-widget.elementor-align-left .elementor-inline-items{-webkit-box-pack:start;-ms-flex-pack:start;justify-content:flex-start}.elementor-widget.elementor-align-right .elementor-icon-list-item,.elementor-widget.elementor-align-right .elementor-icon-list-item a{-webkit-box-pack:end;-ms-flex-pack:end;justify-content:flex-end;text-align:right}.elementor-widget.elementor-align-right .elementor-icon-list-items{-webkit-box-pack:end;-ms-flex-pack:end;justify-content:flex-end}.elementor-widget:not(.elementor-align-right) .elementor-icon-list-item:after{left:0}.elementor-widget:not(.elementor-align-left) .elementor-icon-list-item:after{right:0}@media (max-width:1024px){.elementor-widget.elementor-tablet-align-center .elementor-icon-list-item,.elementor-widget.elementor-tablet-align-center .elementor-icon-list-item a,.elementor-widget.elementor-tablet-align-center .elementor-icon-list-items{-webkit-box-pack:center;-ms-flex-pack:center;justify-content:center}.elementor-widget.elementor-tablet-align-center .elementor-icon-list-item:after{margin:auto}.elementor-widget.elementor-tablet-align-left .elementor-icon-list-items{-webkit-box-pack:start;-ms-flex-pack:start;justify-content:flex-start}.elementor-widget.elementor-tablet-align-left .elementor-icon-list-item,.elementor-widget.elementor-tablet-align-left .elementor-icon-list-item a{-webkit-box-pack:start;-ms-flex-pack:start;justify-content:flex-start;text-align:left}.elementor-widget.elementor-tablet-align-right .elementor-icon-list-items{-webkit-box-pack:end;-ms-flex-pack:end;justify-content:flex-end}.elementor-widget.elementor-tablet-align-right .elementor-icon-list-item,.elementor-widget.elementor-tablet-align-right .elementor-icon-list-item a{-webkit-box-pack:end;-ms-flex-pack:end;justify-content:flex-end;text-align:right}.elementor-widget:not(.elementor-tablet-align-right) .elementor-icon-list-item:after{left:0}.elementor-widget:not(.elementor-tablet-align-left) .elementor-icon-list-item:after{right:0}}@media (max-width:766px){.elementor-widget.elementor-mobile-align-center .elementor-icon-list-item,.elementor-widget.elementor-mobile-align-center .elementor-icon-list-item a,.elementor-widget.elementor-mobile-align-center .elementor-icon-list-items{-webkit-box-pack:center;-ms-flex-pack:center;justify-content:center}.elementor-widget.elementor-mobile-align-center .elementor-icon-list-item:after{margin:auto}.elementor-widget.elementor-mobile-align-left .elementor-icon-list-items{-webkit-box-pack:start;-ms-flex-pack:start;justify-content:flex-start}.elementor-widget.elementor-mobile-align-left .elementor-icon-list-item,.elementor-widget.elementor-mobile-align-left .elementor-icon-list-item a{-webkit-box-pack:start;-ms-flex-pack:start;justify-content:flex-start;text-align:left}.elementor-widget.elementor-mobile-align-right .elementor-icon-list-items{-webkit-box-pack:end;-ms-flex-pack:end;justify-content:flex-end}.elementor-widget.elementor-mobile-align-right .elementor-icon-list-item,.elementor-widget.elementor-mobile-align-right .elementor-icon-list-item a{-webkit-box-pack:end;-ms-flex-pack:end;justify-content:flex-end;text-align:right}.elementor-widget:not(.elementor-mobile-align-right) .elementor-icon-list-item:after{left:0}.elementor-widget:not(.elementor-mobile-align-left) .elementor-icon-list-item:after{right:0}}<\/style>\n<ul>\n<li>\n\t\t\t\t\t\t\t\t\t\t\t<a href=\"mailto:vorstand@luftsportverein-gera.de\"><br \/>\n\t\t\t\t\t\t\t\t\t\tMail an Vorstand<br \/>\n\t\t\t\t\t\t\t\t\t\t\t<\/a>\n\t\t\t\t\t\t\t\t\t<\/li>\n<li>\n\t\t\t\t\t\t\t\t\t\t\t<a href=\"mailto:webmaster@luftsportverein-gera.de\"><br \/>\n\t\t\t\t\t\t\t\t\t\tMail an Webmaster<br \/>\n\t\t\t\t\t\t\t\t\t\t\t<\/a>\n\t\t\t\t\t\t\t\t\t<\/li>\n<\/ul>\n<h4>Adresse<\/h4>\n<ul>\n<li>\n\t\t\t\t\t\t\t\t\t\tLuftsportverein Gera e.V.\n\t\t\t\t\t\t\t\t\t<\/li>\n<li>\n\t\t\t\t\t\t\t\t\t\tFlugplatz Gera\n\t\t\t\t\t\t\t\t\t<\/li>\n<li>\n\t\t\t\t\t\t\t\t\t\tRonneburger Str. 74\n\t\t\t\t\t\t\t\t\t<\/li>\n<li>\n\t\t\t\t\t\t\t\t\t\t07546 Gera\n\t\t\t\t\t\t\t\t\t<\/li>\n<\/ul>\n<h4>Rechtliches<\/h4>\n<ul>\n<li>\n\t\t\t\t\t\t\t\t\t\t\t<a href=\"https:\/\/luftsportverein-gera.de\/?page_id=242\"><br \/>\n\t\t\t\t\t\t\t\t\t\tImpressum<br \/>\n\t\t\t\t\t\t\t\t\t\t\t<\/a>\n\t\t\t\t\t\t\t\t\t<\/li>\n<li>\n\t\t\t\t\t\t\t\t\t\t\t<a href=\"https:\/\/luftsportverein-gera.de\/?page_id=242\"><br \/>\n\t\t\t\t\t\t\t\t\t\tDatenschutzerkl\u00e4rung<br \/>\n\t\t\t\t\t\t\t\t\t\t\t<\/a>\n\t\t\t\t\t\t\t\t\t<\/li>\n<\/ul>\n","protected":false},"excerpt":{"rendered":"<p>Luftsportverein Gera e.V. Home Technik Ausbildung Ausbildung Am Anfang steht die Ausbildung. Jeder der in Deutschland ein Segelflugzeug eigenverantwortlich bewegen m\u00f6chte ben\u00f6tigt eine Lizenz. Das ist entweder die SPL (Segelflug-Privatpiloten-Lizenz) oder LAPL(S) (Light Aircraft Pilot License).SPL ist eine international g\u00fcltige LizenzLAPL ist eine Europaweit g\u00fcltige Lizenz Die Ausbildung ist im Grunde sehr \u00e4hnlich und unterscheidet&#8230;<\/p>\n","protected":false},"author":1,"featured_media":0,"parent":0,"menu_order":0,"comment_status":"closed","ping_status":"closed","template":"","meta":{"_kadence_starter_templates_imported_post":false,"_kad_post_transparent":"disable","_kad_post_title":"hide","_kad_post_layout":"fullwidth","_kad_post_sidebar_id":"","_kad_post_content_style":"boxed","_kad_post_vertical_padding":"","_kad_post_feature":"","_kad_post_feature_position":"","_kad_post_header":true,"_kad_post_footer":true,"_kad_post_classname":"","footnotes":""},"class_list":["post-2404","page","type-page","status-publish","hentry"],"_links":{"self":[{"href":"https:\/\/luftsportverein-gera.de\/index.php?rest_route=\/wp\/v2\/pages\/2404","targetHints":{"allow":["GET"]}}],"collection":[{"href":"https:\/\/luftsportverein-gera.de\/index.php?rest_route=\/wp\/v2\/pages"}],"about":[{"href":"https:\/\/luftsportverein-gera.de\/index.php?rest_route=\/wp\/v2\/types\/page"}],"author":[{"embeddable":true,"href":"https:\/\/luftsportverein-gera.de\/index.php?rest_route=\/wp\/v2\/users\/1"}],"replies":[{"embeddable":true,"href":"https:\/\/luftsportverein-gera.de\/index.php?rest_route=%2Fwp%2Fv2%2Fcomments&post=2404"}],"version-history":[{"count":27,"href":"https:\/\/luftsportverein-gera.de\/index.php?rest_route=\/wp\/v2\/pages\/2404\/revisions"}],"predecessor-version":[{"id":2717,"href":"https:\/\/luftsportverein-gera.de\/index.php?rest_route=\/wp\/v2\/pages\/2404\/revisions\/2717"}],"wp:attachment":[{"href":"https:\/\/luftsportverein-gera.de\/index.php?rest_route=%2Fwp%2Fv2%2Fmedia&parent=2404"}],"curies":[{"name":"wp","href":"https:\/\/api.w.org\/{rel}","templated":true}]}}